{"id":13,"date":"2012-10-07T11:36:01","date_gmt":"2012-10-07T11:36:01","guid":{"rendered":"http:\/\/voice-to-mind.com\/?page_id=13"},"modified":"2012-10-07T12:01:09","modified_gmt":"2012-10-07T12:01:09","slug":"nichtraucherschule","status":"publish","type":"page","link":"http:\/\/voice-to-mind.com\/?page_id=13","title":{"rendered":"Nichtraucherschule"},"content":{"rendered":"<p><img decoding=\"async\" src=\"http:\/\/voice-to-mind.com\/wp-content\/uploads\/2012\/10\/site.jpg\" alt=\"nrs-head\"><\/p>\n<p><strong>Nichtraucher Schule VoiceToMind &#8211;<\/strong><br \/>\n<strong> Wie eine Raucherentw\u00f6hnung durchgef\u00fchrt wird&#8230;<\/strong><\/p>\n<p>Wenn ich in den letzten vierzig Jahren Raucherentw\u00f6hnungen durchgef\u00fchrt habe, habe ich meistens versucht, meinen Klienten in tiefer Entspannung zu suggerieren, dass Ihnen der Geschmack einer Zigarette nicht mehr gefiel. So wird im Unterbewusstsein ein unangenehmer Geschmack  als unbewusste Vorstellung verankert, mit der Folge, dass die Zigarette nicht mehr schmeckt. Jeder Vertreter der Suggestivverfahren wei\u00df, dass nun ein Ersatz mit Mehrwert geschaffen werden muss, damit eine Raucherentw\u00f6hnung wirklich dauerhaft anh\u00e4lt.<\/p>\n<p><strong>In diesem Seminar lernen Sie die Eckpfeiler einer erfolgreichen Raucherentw\u00f6hnung kennen:<\/strong><\/p>\n<p><strong>Hypnose:<\/strong><\/p>\n<p>In diesem schlaf\u00e4hnlichen, vertieften Ruhezustand ist Ihr Unterbewusstsein in hohem Ma\u00dfe empf\u00e4nglich f\u00fcr Suggestionen und nimmt diese ohne Kontrolle des logischen Denkens an. Durch spezielle Suggestionen werden alte, negative Glaubens\u2013 und Vorstellungsmuster durchbrochen und gel\u00f6scht, was eine Neuausrichtung Ihrer unbewussten Programme zur Folge haben kann. So wird z.B. aus dem Glaubenssatz: \u201eWer nicht raucht, der ist kein Mann\u201c die innere \u00dcberzeugung \u201estatt stinkigem Teer und Nikotin atme ich den frischen Wind meiner neu gewonnen Freiheit und bleibe gesund, munter und guter Dinge\u201c.<\/p>\n<p><strong>Tiefenentspannung:<\/strong><\/p>\n<p>Eine tiefe Entspannung ist wichtig, um nerv\u00f6se Unruhe in den ersten Tagen nach dem Entw\u00f6hnungstraining zu mindern und um Ihr Unterbewusstsein f\u00fcr das Mentale Training aufnahmebereit zu machen.<\/p>\n<p><strong>Mentales Training:<\/strong><\/p>\n<p>Individuelle innere Bilder werden im Unterbewusstsein verankert, die Ihren Geschmackssinn so ver\u00e4ndern, dass Ihnen die Zigaretten nicht mehr schmecken.<\/p>\n<p><strong>Biofeedback:<\/strong><\/p>\n<p>Ein elektronisches Messinstrument zeigt objektiv an, ob sich die mentalen Bilder durchsetzen und ob diese von ihrer Wirkung her richtig sind.<\/p>\n<p> <a href=\"home.htm\"><img decoding=\"async\" src=\"http:\/\/voice-to-mind.com\/wp-content\/uploads\/2012\/10\/wochenendseminar.jpg\" align=\"middle\" alt=\"we_nsr\"><\/a><\/p>\n","protected":false},"excerpt":{"rendered":"<p>Nichtraucher Schule VoiceToMind &#8211; Wie eine Raucherentw\u00f6hnung durchgef\u00fchrt wird&#8230; Wenn ich in den letzten vierzig Jahren Raucherentw\u00f6hnungen durchgef\u00fchrt habe, habe ich meistens versucht, meinen Klienten in tiefer Entspannung zu suggerieren, dass Ihnen der Geschmack einer Zigarette nicht mehr gefiel. So wird im Unterbewusstsein ein unangenehmer Geschmack als unbewusste Vorstellung verankert, mit der Folge, dass die<a href=\"http:\/\/voice-to-mind.com\/?page_id=13\"> <\/p>\n<p> Read More\u2026<\/a><\/p>\n","protected":false},"author":1,"featured_media":0,"parent":0,"menu_order":0,"comment_status":"open","ping_status":"open","template":"","meta":{"footnotes":""},"class_list":["post-13","page","type-page","status-publish","hentry"],"_links":{"self":[{"href":"http:\/\/voice-to-mind.com\/index.php?rest_route=\/wp\/v2\/pages\/13","targetHints":{"allow":["GET"]}}],"collection":[{"href":"http:\/\/voice-to-mind.com\/index.php?rest_route=\/wp\/v2\/pages"}],"about":[{"href":"http:\/\/voice-to-mind.com\/index.php?rest_route=\/wp\/v2\/types\/page"}],"author":[{"embeddable":true,"href":"http:\/\/voice-to-mind.com\/index.php?rest_route=\/wp\/v2\/users\/1"}],"replies":[{"embeddable":true,"href":"http:\/\/voice-to-mind.com\/index.php?rest_route=%2Fwp%2Fv2%2Fcomments&post=13"}],"version-history":[{"count":5,"href":"http:\/\/voice-to-mind.com\/index.php?rest_route=\/wp\/v2\/pages\/13\/revisions"}],"predecessor-version":[{"id":20,"href":"http:\/\/voice-to-mind.com\/index.php?rest_route=\/wp\/v2\/pages\/13\/revisions\/20"}],"wp:attachment":[{"href":"http:\/\/voice-to-mind.com\/index.php?rest_route=%2Fwp%2Fv2%2Fmedia&parent=13"}],"curies":[{"name":"wp","href":"https:\/\/api.w.org\/{rel}","templated":true}]}}