{"id":21,"date":"2012-10-07T12:03:02","date_gmt":"2012-10-07T12:03:02","guid":{"rendered":"http:\/\/voice-to-mind.com\/?page_id=21"},"modified":"2012-10-07T12:06:00","modified_gmt":"2012-10-07T12:06:00","slug":"wochenendseminar-raucherentwohnung","status":"publish","type":"page","link":"http:\/\/voice-to-mind.com\/?page_id=21","title":{"rendered":"Wochenendseminar: Raucherentw\u00f6hnung"},"content":{"rendered":"<p>Samstag 15.00 bis 18.00 Uhr<\/p>\n<p>Sonntag 10.30 bis 14.30 Uhr<\/p>\n<p>4 bis 6 Teilnehmer, Geb\u00fchr 120,- Euro<\/p>\n<p><strong>Ihre Vorteile:<\/strong><\/p>\n<p>1. Aufkl\u00e4rendes Vorgespr\u00e4ch vor Kursanmeldung.<\/p>\n<p>2. Besondere Wirksamkeit durch die Erkenntnis Ihrer individuellen Glaubensmuster in Bezug auf Ihr Rauchverhalten.<\/p>\n<p>3. Sie lernen Ihre Reaktionen auf Hypnose und Suggestion kennen und k\u00f6nnen aus dieser Erkenntnis entscheiden, wie Ihr individueller \u201eNichtraucherweg\u201c aussehen soll.<\/p>\n<p>4. Sie haben nach diesem Seminar die M\u00f6glichkeit individuelle Folgetermine (erm\u00e4\u00dfigter Preis Hypnosecoaching f\u00fcr nur 60 Euro pro Termin) zu buchen oder k\u00f6nnen an den Abendcoachings 1 x pro Woche f\u00fcr nur 20 Euro pro 90 Minuten teilnehmen. Damit sind Sie garantiert auf der sicheren Nichtraucherseite.<\/p>\n<p><strong>Jetzt anmelden unter: erwin.pahl[at]klugekids.com oder 0177-3033455 <\/strong><\/p>\n","protected":false},"excerpt":{"rendered":"<p>Samstag 15.00 bis 18.00 Uhr Sonntag 10.30 bis 14.30 Uhr 4 bis 6 Teilnehmer, Geb\u00fchr 120,- Euro Ihre Vorteile: 1. Aufkl\u00e4rendes Vorgespr\u00e4ch vor Kursanmeldung. 2. Besondere Wirksamkeit durch die Erkenntnis Ihrer individuellen Glaubensmuster in Bezug auf Ihr Rauchverhalten. 3. Sie lernen Ihre Reaktionen auf Hypnose und Suggestion kennen und k\u00f6nnen aus dieser Erkenntnis entscheiden, wie<a href=\"http:\/\/voice-to-mind.com\/?page_id=21\"> <\/p>\n<p> Read More\u2026<\/a><\/p>\n","protected":false},"author":1,"featured_media":0,"parent":13,"menu_order":0,"comment_status":"open","ping_status":"open","template":"","meta":{"footnotes":""},"class_list":["post-21","page","type-page","status-publish","hentry"],"_links":{"self":[{"href":"http:\/\/voice-to-mind.com\/index.php?rest_route=\/wp\/v2\/pages\/21","targetHints":{"allow":["GET"]}}],"collection":[{"href":"http:\/\/voice-to-mind.com\/index.php?rest_route=\/wp\/v2\/pages"}],"about":[{"href":"http:\/\/voice-to-mind.com\/index.php?rest_route=\/wp\/v2\/types\/page"}],"author":[{"embeddable":true,"href":"http:\/\/voice-to-mind.com\/index.php?rest_route=\/wp\/v2\/users\/1"}],"replies":[{"embeddable":true,"href":"http:\/\/voice-to-mind.com\/index.php?rest_route=%2Fwp%2Fv2%2Fcomments&post=21"}],"version-history":[{"count":4,"href":"http:\/\/voice-to-mind.com\/index.php?rest_route=\/wp\/v2\/pages\/21\/revisions"}],"predecessor-version":[{"id":25,"href":"http:\/\/voice-to-mind.com\/index.php?rest_route=\/wp\/v2\/pages\/21\/revisions\/25"}],"up":[{"embeddable":true,"href":"http:\/\/voice-to-mind.com\/index.php?rest_route=\/wp\/v2\/pages\/13"}],"wp:attachment":[{"href":"http:\/\/voice-to-mind.com\/index.php?rest_route=%2Fwp%2Fv2%2Fmedia&parent=21"}],"curies":[{"name":"wp","href":"https:\/\/api.w.org\/{rel}","templated":true}]}}